{"id":4247,"date":"2025-03-10T17:47:46","date_gmt":"2025-03-10T21:47:46","guid":{"rendered":"https:\/\/lecorbusier.ca\/?post_type=product&#038;p=4247"},"modified":"2025-09-10T14:27:35","modified_gmt":"2025-09-10T18:27:35","slug":"peinture-a-la-chaux-limewash","status":"publish","type":"product","link":"https:\/\/lecorbusier.ca\/en\/produit\/peinture-a-la-chaux-limewash\/","title":{"rendered":"Peinture \u00e0 la chaux Limewash"},"content":{"rendered":"<h3><strong><span style=\"font-family: Verdena, arial, sans-serif;\"><span style=\"font-size: 18px;\">Description du produit :<\/span><\/span><\/strong><\/h3>\n<p>V\u00e9rifiez la couleur avant l&#8217;utilisation. M\u00e9langez soigneusement le produit \u00e0 la chaux avant et pendant l&#8217;utilisation. Les applications int\u00e9rieures et ext\u00e9rieures n\u00e9cessitent une technique diff\u00e9rente. Le produit \u00e0 la chaux ext\u00e9rieur doit \u00eatre s\u00e9ch\u00e9 avant la pluie ou le froid. Le produit \u00e0 la chaux ne doit pas \u00eatre appliqu\u00e9 \u00e0 une temp\u00e9rature inf\u00e9rieure \u00e0 13 \u00b0C (55 \u00b0F), en cas de chaleur excessive sup\u00e9rieure \u00e0 29 \u00b0C (85 \u00b0F) ou en plein soleil. PR\u00c9PARATION DE SURFACE La surface doit \u00eatre exempte de particules d\u00e9tach\u00e9es ou \u00e9caill\u00e9es, de salet\u00e9, de moisissure, d&#8217;huile, de graisse, de craie et d&#8217;efflorescences. Les surfaces pr\u00e9c\u00e9demment brillantes doivent \u00eatre ponc\u00e9es, nettoy\u00e9es et appr\u00eat\u00e9es avec un appr\u00eat multi-usages \u00e0 base d&#8217;eau avant d&#8217;appliquer la couche de base Lime Wash. Pour les applications int\u00e9rieures, il est recommand\u00e9 d&#8217;appliquer deux couches de couche de base Meoded Lime Wash. Les surfaces ext\u00e9rieures fra\u00eeches telles que les rev\u00eatements \u00e0 base de ciment doivent \u00eatre durcies pendant au moins 21 jours. Humidifiez l\u00e9g\u00e8rement les surfaces poreuses avec de l&#8217;eau propre avant l&#8217;application. (Non requis sur les surfaces d\u00e9j\u00e0 peintes ou appr\u00eat\u00e9es.)<\/p>\n<h3><strong>Caract\u00e9ristiques de notre peinture \u00e0 la chaux :<\/strong><\/h3>\n<ul data-start=\"55\" data-end=\"327\">\n<li data-start=\"55\" data-end=\"85\">R\u00e9sistante \u00e0 la moisissure<\/li>\n<li data-start=\"86\" data-end=\"124\">Id\u00e9ale pour les projets int\u00e9rieurs<\/li>\n<li data-start=\"125\" data-end=\"257\">Large choix de couleurs : Compatible avec les teintes Benjamin Moore (pr\u00e9cision de 80-90 %) + 80 couleurs r\u00e9guli\u00e8res disponibles<\/li>\n<li data-start=\"258\" data-end=\"293\">\u00c9co-responsable : Formule 0 COV<\/li>\n<li data-start=\"294\" data-end=\"327\">Permet au support de respirer<\/li>\n<\/ul>\n<p data-start=\"329\" data-end=\"524\" data-is-last-node=\"\" data-is-only-node=\"\">Sans scellant protecteur, cette peinture n&#8217;est pas recommand\u00e9e pour les zones humides comme les salles de bains et cuisines. Le contact prolong\u00e9 avec l\u2019eau peut alt\u00e9rer la couleur et la finition.<\/p>\n","protected":false},"excerpt":{"rendered":"<p>Meoded Lime Wash est une peinture min\u00e9rale unique \u00e0 base de calcaire \u00e9teint qui cr\u00e9e une belle finition semblable \u00e0 du pl\u00e2tre patin\u00e9 sur presque toutes les surfaces int\u00e9rieures et ext\u00e9rieures.<\/p>\n","protected":false},"featured_media":4325,"comment_status":"open","ping_status":"closed","template":"","meta":[],"product_brand":[],"product_cat":[60,81],"product_tag":[82,83],"class_list":{"0":"post-4247","1":"product","2":"type-product","3":"status-publish","4":"has-post-thumbnail","6":"product_cat-decor","7":"product_cat-peinture-a-la-chaux","8":"product_tag-limewas","9":"product_tag-peinturealachaux","11":"first","12":"instock","13":"taxable","14":"shipping-taxable","15":"purchasable","16":"product-type-variable","17":"has-default-attributes"},"yoast_head":"<!-- This site is optimized with the Yoast SEO plugin v27.2 - https:\/\/yoast.com\/product\/yoast-seo-wordpress\/ -->\n<title>Peinture \u00e0 la chaux Limewash - D\u00e9coration Le Corbusier<\/title>\n<meta name=\"robots\" content=\"index, follow, max-snippet:-1, max-image-preview:large, max-video-preview:-1\" \/>\n<link rel=\"canonical\" href=\"https:\/\/lecorbusier.ca\/produit\/peinture-a-la-chaux-limewash\/\" \/>\n<meta property=\"og:locale\" content=\"en_US\" \/>\n<meta property=\"og:type\" content=\"article\" \/>\n<meta property=\"og:title\" content=\"Peinture \u00e0 la chaux Limewash - D\u00e9coration Le Corbusier\" \/>\n<meta property=\"og:description\" content=\"Meoded Lime Wash est une peinture min\u00e9rale unique \u00e0 base de calcaire \u00e9teint qui cr\u00e9e une belle finition semblable \u00e0 du pl\u00e2tre patin\u00e9 sur presque toutes les surfaces int\u00e9rieures et ext\u00e9rieures.\" \/>\n<meta property=\"og:url\" content=\"https:\/\/lecorbusier.ca\/produit\/peinture-a-la-chaux-limewash\/\" \/>\n<meta property=\"og:site_name\" content=\"D\u00e9coration Le Corbusier\" \/>\n<meta property=\"article:modified_time\" content=\"2025-09-10T18:27:35+00:00\" \/>\n<meta property=\"og:image\" content=\"https:\/\/lecorbusier.ca\/wp-content\/uploads\/2025\/03\/Lime-Wash-Quart-1024x1024.png\" \/>\n\t<meta property=\"og:image:width\" content=\"1024\" \/>\n\t<meta property=\"og:image:height\" content=\"1024\" \/>\n\t<meta property=\"og:image:type\" content=\"image\/png\" \/>\n<meta name=\"twitter:card\" content=\"summary_large_image\" \/>\n<meta name=\"twitter:label1\" content=\"Est. reading time\" \/>\n\t<meta name=\"twitter:data1\" content=\"2 minutes\" \/>\n<script type=\"application\/ld+json\" class=\"yoast-schema-graph\">{\"@context\":\"https:\/\/schema.org\",\"@graph\":[{\"@type\":\"WebPage\",\"@id\":\"https:\/\/lecorbusier.ca\/produit\/peinture-a-la-chaux-limewash\/\",\"url\":\"https:\/\/lecorbusier.ca\/produit\/peinture-a-la-chaux-limewash\/\",\"name\":\"Peinture \u00e0 la chaux Limewash - D\u00e9coration Le Corbusier\",\"isPartOf\":{\"@id\":\"https:\/\/lecorbusier.ca\/#website\"},\"primaryImageOfPage\":{\"@id\":\"https:\/\/lecorbusier.ca\/produit\/peinture-a-la-chaux-limewash\/#primaryimage\"},\"image\":{\"@id\":\"https:\/\/lecorbusier.ca\/produit\/peinture-a-la-chaux-limewash\/#primaryimage\"},\"thumbnailUrl\":\"https:\/\/lecorbusier.ca\/wp-content\/uploads\/2025\/03\/Lime-Wash-Quart.png\",\"datePublished\":\"2025-03-10T21:47:46+00:00\",\"dateModified\":\"2025-09-10T18:27:35+00:00\",\"breadcrumb\":{\"@id\":\"https:\/\/lecorbusier.ca\/produit\/peinture-a-la-chaux-limewash\/#breadcrumb\"},\"inLanguage\":\"en-US\",\"potentialAction\":[{\"@type\":\"ReadAction\",\"target\":[\"https:\/\/lecorbusier.ca\/produit\/peinture-a-la-chaux-limewash\/\"]}]},{\"@type\":\"ImageObject\",\"inLanguage\":\"en-US\",\"@id\":\"https:\/\/lecorbusier.ca\/produit\/peinture-a-la-chaux-limewash\/#primaryimage\",\"url\":\"https:\/\/lecorbusier.ca\/wp-content\/uploads\/2025\/03\/Lime-Wash-Quart.png\",\"contentUrl\":\"https:\/\/lecorbusier.ca\/wp-content\/uploads\/2025\/03\/Lime-Wash-Quart.png\",\"width\":1920,\"height\":1920},{\"@type\":\"BreadcrumbList\",\"@id\":\"https:\/\/lecorbusier.ca\/produit\/peinture-a-la-chaux-limewash\/#breadcrumb\",\"itemListElement\":[{\"@type\":\"ListItem\",\"position\":1,\"name\":\"Accueil\",\"item\":\"https:\/\/lecorbusier.ca\/en\/\"},{\"@type\":\"ListItem\",\"position\":2,\"name\":\"Products\",\"item\":\"https:\/\/lecorbusier.ca\/shop\/\"},{\"@type\":\"ListItem\",\"position\":3,\"name\":\"Peinture \u00e0 la chaux Limewash\"}]},{\"@type\":\"WebSite\",\"@id\":\"https:\/\/lecorbusier.ca\/#website\",\"url\":\"https:\/\/lecorbusier.ca\/\",\"name\":\"D\u00e9coration Le Corbusier\",\"description\":\"Produits et services de design\",\"potentialAction\":[{\"@type\":\"SearchAction\",\"target\":{\"@type\":\"EntryPoint\",\"urlTemplate\":\"https:\/\/lecorbusier.ca\/?s={search_term_string}\"},\"query-input\":{\"@type\":\"PropertyValueSpecification\",\"valueRequired\":true,\"valueName\":\"search_term_string\"}}],\"inLanguage\":\"en-US\"}]}<\/script>\n<!-- \/ Yoast SEO plugin. -->","yoast_head_json":{"title":"Peinture \u00e0 la chaux Limewash - D\u00e9coration Le Corbusier","robots":{"index":"index","follow":"follow","max-snippet":"max-snippet:-1","max-image-preview":"max-image-preview:large","max-video-preview":"max-video-preview:-1"},"canonical":"https:\/\/lecorbusier.ca\/produit\/peinture-a-la-chaux-limewash\/","og_locale":"en_US","og_type":"article","og_title":"Peinture \u00e0 la chaux Limewash - D\u00e9coration Le Corbusier","og_description":"Meoded Lime Wash est une peinture min\u00e9rale unique \u00e0 base de calcaire \u00e9teint qui cr\u00e9e une belle finition semblable \u00e0 du pl\u00e2tre patin\u00e9 sur presque toutes les surfaces int\u00e9rieures et ext\u00e9rieures.","og_url":"https:\/\/lecorbusier.ca\/produit\/peinture-a-la-chaux-limewash\/","og_site_name":"D\u00e9coration Le Corbusier","article_modified_time":"2025-09-10T18:27:35+00:00","og_image":[{"width":1024,"height":1024,"url":"https:\/\/lecorbusier.ca\/wp-content\/uploads\/2025\/03\/Lime-Wash-Quart-1024x1024.png","type":"image\/png"}],"twitter_card":"summary_large_image","twitter_misc":{"Est. reading time":"2 minutes"},"schema":{"@context":"https:\/\/schema.org","@graph":[{"@type":"WebPage","@id":"https:\/\/lecorbusier.ca\/produit\/peinture-a-la-chaux-limewash\/","url":"https:\/\/lecorbusier.ca\/produit\/peinture-a-la-chaux-limewash\/","name":"Peinture \u00e0 la chaux Limewash - D\u00e9coration Le Corbusier","isPartOf":{"@id":"https:\/\/lecorbusier.ca\/#website"},"primaryImageOfPage":{"@id":"https:\/\/lecorbusier.ca\/produit\/peinture-a-la-chaux-limewash\/#primaryimage"},"image":{"@id":"https:\/\/lecorbusier.ca\/produit\/peinture-a-la-chaux-limewash\/#primaryimage"},"thumbnailUrl":"https:\/\/lecorbusier.ca\/wp-content\/uploads\/2025\/03\/Lime-Wash-Quart.png","datePublished":"2025-03-10T21:47:46+00:00","dateModified":"2025-09-10T18:27:35+00:00","breadcrumb":{"@id":"https:\/\/lecorbusier.ca\/produit\/peinture-a-la-chaux-limewash\/#breadcrumb"},"inLanguage":"en-US","potentialAction":[{"@type":"ReadAction","target":["https:\/\/lecorbusier.ca\/produit\/peinture-a-la-chaux-limewash\/"]}]},{"@type":"ImageObject","inLanguage":"en-US","@id":"https:\/\/lecorbusier.ca\/produit\/peinture-a-la-chaux-limewash\/#primaryimage","url":"https:\/\/lecorbusier.ca\/wp-content\/uploads\/2025\/03\/Lime-Wash-Quart.png","contentUrl":"https:\/\/lecorbusier.ca\/wp-content\/uploads\/2025\/03\/Lime-Wash-Quart.png","width":1920,"height":1920},{"@type":"BreadcrumbList","@id":"https:\/\/lecorbusier.ca\/produit\/peinture-a-la-chaux-limewash\/#breadcrumb","itemListElement":[{"@type":"ListItem","position":1,"name":"Accueil","item":"https:\/\/lecorbusier.ca\/en\/"},{"@type":"ListItem","position":2,"name":"Products","item":"https:\/\/lecorbusier.ca\/shop\/"},{"@type":"ListItem","position":3,"name":"Peinture \u00e0 la chaux Limewash"}]},{"@type":"WebSite","@id":"https:\/\/lecorbusier.ca\/#website","url":"https:\/\/lecorbusier.ca\/","name":"D\u00e9coration Le Corbusier","description":"Produits et services de design","potentialAction":[{"@type":"SearchAction","target":{"@type":"EntryPoint","urlTemplate":"https:\/\/lecorbusier.ca\/?s={search_term_string}"},"query-input":{"@type":"PropertyValueSpecification","valueRequired":true,"valueName":"search_term_string"}}],"inLanguage":"en-US"}]}},"_links":{"self":[{"href":"https:\/\/lecorbusier.ca\/en\/wp-json\/wp\/v2\/product\/4247","targetHints":{"allow":["GET"]}}],"collection":[{"href":"https:\/\/lecorbusier.ca\/en\/wp-json\/wp\/v2\/product"}],"about":[{"href":"https:\/\/lecorbusier.ca\/en\/wp-json\/wp\/v2\/types\/product"}],"replies":[{"embeddable":true,"href":"https:\/\/lecorbusier.ca\/en\/wp-json\/wp\/v2\/comments?post=4247"}],"wp:featuredmedia":[{"embeddable":true,"href":"https:\/\/lecorbusier.ca\/en\/wp-json\/wp\/v2\/media\/4325"}],"wp:attachment":[{"href":"https:\/\/lecorbusier.ca\/en\/wp-json\/wp\/v2\/media?parent=4247"}],"wp:term":[{"taxonomy":"product_brand","embeddable":true,"href":"https:\/\/lecorbusier.ca\/en\/wp-json\/wp\/v2\/product_brand?post=4247"},{"taxonomy":"product_cat","embeddable":true,"href":"https:\/\/lecorbusier.ca\/en\/wp-json\/wp\/v2\/product_cat?post=4247"},{"taxonomy":"product_tag","embeddable":true,"href":"https:\/\/lecorbusier.ca\/en\/wp-json\/wp\/v2\/product_tag?post=4247"}],"curies":[{"name":"wp","href":"https:\/\/api.w.org\/{rel}","templated":true}]}}