{"id":4353,"date":"2025-03-21T09:24:12","date_gmt":"2025-03-21T13:24:12","guid":{"rendered":"https:\/\/lecorbusier.ca\/?post_type=product&#038;p=4353"},"modified":"2025-09-10T14:27:17","modified_gmt":"2025-09-10T18:27:17","slug":"lappret-de-base-pour-peinture-a-la-chaux-de-meoded","status":"publish","type":"product","link":"https:\/\/lecorbusier.ca\/en\/produit\/lappret-de-base-pour-peinture-a-la-chaux-de-meoded\/","title":{"rendered":"L&#8217;appr\u00eat de base Lime Wash"},"content":{"rendered":"<h3><strong><span style=\"font-family: Verdena, arial, sans-serif;\"><span style=\"font-size: 18px;\">Description du produit :<\/span><\/span><\/strong><\/h3>\n<p>L&#8217;appr\u00eat de base pour peinture \u00e0 la chaux de Lime Wash est un primaire acrylique 100 % \u00e0 base d&#8217;eau de qualit\u00e9 sup\u00e9rieure, sp\u00e9cialement formul\u00e9 pour \u00eatre utilis\u00e9 comme couche de base pour la peinture \u00e0 la chaux Lime Wash. Cet appr\u00eat sert de sous-couche pour les applications de peinture \u00e0 la chaux, aussi bien \u00e0 l&#8217;int\u00e9rieur qu&#8217;\u00e0 l&#8217;ext\u00e9rieur. Sa formule facile \u00e0 utiliser est con\u00e7ue pour absorber correctement la peinture \u00e0 la chaux Lime Wash, garantissant ainsi une finition optimale pour votre projet. Pour de meilleurs r\u00e9sultats, deux couches sont recommand\u00e9es.<\/p>\n<p data-start=\"329\" data-end=\"524\" data-is-last-node=\"\" data-is-only-node=\"\">\n","protected":false},"excerpt":{"rendered":"<p>L&#8217;appr\u00eat de base pour peinture \u00e0 la chaux de Lime Wash est un primaire acrylique 100 % \u00e0 base d&#8217;eau de qualit\u00e9 sup\u00e9rieure.<\/p>\n","protected":false},"featured_media":4354,"comment_status":"open","ping_status":"closed","template":"","meta":[],"product_brand":[],"product_cat":[60,81],"product_tag":[82,83],"class_list":{"0":"post-4353","1":"product","2":"type-product","3":"status-publish","4":"has-post-thumbnail","6":"product_cat-decor","7":"product_cat-peinture-a-la-chaux","8":"product_tag-limewas","9":"product_tag-peinturealachaux","11":"first","12":"instock","13":"taxable","14":"shipping-taxable","15":"purchasable","16":"product-type-variable"},"yoast_head":"<!-- This site is optimized with the Yoast SEO plugin v27.2 - https:\/\/yoast.com\/product\/yoast-seo-wordpress\/ -->\n<title>L&#039;appr\u00eat de base Lime Wash - D\u00e9coration Le Corbusier<\/title>\n<meta name=\"description\" content=\"L&#039;appr\u00eat de base pour peinture \u00e0 la chaux de Lime Wash est un primaire acrylique 100 % \u00e0 base d&#039;eau de qualit\u00e9 sup\u00e9rieure, sp\u00e9cialement formul\u00e9 pour \u00eatre utilis\u00e9 comme couche de base pour la peinture \u00e0 la chaux Lime Wash\" \/>\n<meta name=\"robots\" content=\"index, follow, max-snippet:-1, max-image-preview:large, max-video-preview:-1\" \/>\n<link rel=\"canonical\" href=\"https:\/\/lecorbusier.ca\/produit\/lappret-de-base-pour-peinture-a-la-chaux-de-meoded\/\" \/>\n<meta property=\"og:locale\" content=\"en_US\" \/>\n<meta property=\"og:type\" content=\"article\" \/>\n<meta property=\"og:title\" content=\"L&#039;appr\u00eat de base pour peinture \u00e0 la chaux de Meoded\" \/>\n<meta property=\"og:description\" content=\"L&#039;appr\u00eat de base pour peinture \u00e0 la chaux de Meoded est un primaire acrylique 100 % \u00e0 base d&#039;eau de qualit\u00e9 sup\u00e9rieure, sp\u00e9cialement formul\u00e9 pour \u00eatre utilis\u00e9 comme couche de base pour la peinture \u00e0 la chaux Meoded\" \/>\n<meta property=\"og:url\" content=\"https:\/\/lecorbusier.ca\/produit\/lappret-de-base-pour-peinture-a-la-chaux-de-meoded\/\" \/>\n<meta property=\"og:site_name\" content=\"D\u00e9coration Le Corbusier\" \/>\n<meta property=\"article:modified_time\" content=\"2025-09-10T18:27:17+00:00\" \/>\n<meta property=\"og:image\" content=\"https:\/\/lecorbusier.ca\/wp-content\/uploads\/2025\/03\/Lime-Wash-Base-Med-1280px.jpeg.pagespeed.ce_.xB_miQzeku.webp\" \/>\n\t<meta property=\"og:image:width\" content=\"1280\" \/>\n\t<meta property=\"og:image:height\" content=\"1280\" \/>\n\t<meta property=\"og:image:type\" content=\"image\/webp\" \/>\n<meta name=\"twitter:card\" content=\"summary_large_image\" \/>\n<meta name=\"twitter:label1\" content=\"Est. reading time\" \/>\n\t<meta name=\"twitter:data1\" content=\"1 minute\" \/>\n<script type=\"application\/ld+json\" class=\"yoast-schema-graph\">{\"@context\":\"https:\/\/schema.org\",\"@graph\":[{\"@type\":\"WebPage\",\"@id\":\"https:\/\/lecorbusier.ca\/produit\/lappret-de-base-pour-peinture-a-la-chaux-de-meoded\/\",\"url\":\"https:\/\/lecorbusier.ca\/produit\/lappret-de-base-pour-peinture-a-la-chaux-de-meoded\/\",\"name\":\"L'appr\u00eat de base Lime Wash - D\u00e9coration Le Corbusier\",\"isPartOf\":{\"@id\":\"https:\/\/lecorbusier.ca\/#website\"},\"primaryImageOfPage\":{\"@id\":\"https:\/\/lecorbusier.ca\/produit\/lappret-de-base-pour-peinture-a-la-chaux-de-meoded\/#primaryimage\"},\"image\":{\"@id\":\"https:\/\/lecorbusier.ca\/produit\/lappret-de-base-pour-peinture-a-la-chaux-de-meoded\/#primaryimage\"},\"thumbnailUrl\":\"https:\/\/lecorbusier.ca\/wp-content\/uploads\/2025\/03\/Lime-Wash-Base-Med-1280px.jpeg.pagespeed.ce_.xB_miQzeku.webp\",\"datePublished\":\"2025-03-21T13:24:12+00:00\",\"dateModified\":\"2025-09-10T18:27:17+00:00\",\"description\":\"L'appr\u00eat de base pour peinture \u00e0 la chaux de Lime Wash est un primaire acrylique 100 % \u00e0 base d'eau de qualit\u00e9 sup\u00e9rieure, sp\u00e9cialement formul\u00e9 pour \u00eatre utilis\u00e9 comme couche de base pour la peinture \u00e0 la chaux Lime Wash\",\"breadcrumb\":{\"@id\":\"https:\/\/lecorbusier.ca\/produit\/lappret-de-base-pour-peinture-a-la-chaux-de-meoded\/#breadcrumb\"},\"inLanguage\":\"en-US\",\"potentialAction\":[{\"@type\":\"ReadAction\",\"target\":[\"https:\/\/lecorbusier.ca\/produit\/lappret-de-base-pour-peinture-a-la-chaux-de-meoded\/\"]}]},{\"@type\":\"ImageObject\",\"inLanguage\":\"en-US\",\"@id\":\"https:\/\/lecorbusier.ca\/produit\/lappret-de-base-pour-peinture-a-la-chaux-de-meoded\/#primaryimage\",\"url\":\"https:\/\/lecorbusier.ca\/wp-content\/uploads\/2025\/03\/Lime-Wash-Base-Med-1280px.jpeg.pagespeed.ce_.xB_miQzeku.webp\",\"contentUrl\":\"https:\/\/lecorbusier.ca\/wp-content\/uploads\/2025\/03\/Lime-Wash-Base-Med-1280px.jpeg.pagespeed.ce_.xB_miQzeku.webp\",\"width\":1280,\"height\":1280},{\"@type\":\"BreadcrumbList\",\"@id\":\"https:\/\/lecorbusier.ca\/produit\/lappret-de-base-pour-peinture-a-la-chaux-de-meoded\/#breadcrumb\",\"itemListElement\":[{\"@type\":\"ListItem\",\"position\":1,\"name\":\"Accueil\",\"item\":\"https:\/\/lecorbusier.ca\/en\/\"},{\"@type\":\"ListItem\",\"position\":2,\"name\":\"Products\",\"item\":\"https:\/\/lecorbusier.ca\/shop\/\"},{\"@type\":\"ListItem\",\"position\":3,\"name\":\"L&rsquo;appr\u00eat de base Lime Wash\"}]},{\"@type\":\"WebSite\",\"@id\":\"https:\/\/lecorbusier.ca\/#website\",\"url\":\"https:\/\/lecorbusier.ca\/\",\"name\":\"D\u00e9coration Le Corbusier\",\"description\":\"Produits et services de design\",\"potentialAction\":[{\"@type\":\"SearchAction\",\"target\":{\"@type\":\"EntryPoint\",\"urlTemplate\":\"https:\/\/lecorbusier.ca\/?s={search_term_string}\"},\"query-input\":{\"@type\":\"PropertyValueSpecification\",\"valueRequired\":true,\"valueName\":\"search_term_string\"}}],\"inLanguage\":\"en-US\"}]}<\/script>\n<!-- \/ Yoast SEO plugin. -->","yoast_head_json":{"title":"L'appr\u00eat de base Lime Wash - D\u00e9coration Le Corbusier","description":"L'appr\u00eat de base pour peinture \u00e0 la chaux de Lime Wash est un primaire acrylique 100 % \u00e0 base d'eau de qualit\u00e9 sup\u00e9rieure, sp\u00e9cialement formul\u00e9 pour \u00eatre utilis\u00e9 comme couche de base pour la peinture \u00e0 la chaux Lime Wash","robots":{"index":"index","follow":"follow","max-snippet":"max-snippet:-1","max-image-preview":"max-image-preview:large","max-video-preview":"max-video-preview:-1"},"canonical":"https:\/\/lecorbusier.ca\/produit\/lappret-de-base-pour-peinture-a-la-chaux-de-meoded\/","og_locale":"en_US","og_type":"article","og_title":"L'appr\u00eat de base pour peinture \u00e0 la chaux de Meoded","og_description":"L'appr\u00eat de base pour peinture \u00e0 la chaux de Meoded est un primaire acrylique 100 % \u00e0 base d'eau de qualit\u00e9 sup\u00e9rieure, sp\u00e9cialement formul\u00e9 pour \u00eatre utilis\u00e9 comme couche de base pour la peinture \u00e0 la chaux Meoded","og_url":"https:\/\/lecorbusier.ca\/produit\/lappret-de-base-pour-peinture-a-la-chaux-de-meoded\/","og_site_name":"D\u00e9coration Le Corbusier","article_modified_time":"2025-09-10T18:27:17+00:00","og_image":[{"width":1280,"height":1280,"url":"https:\/\/lecorbusier.ca\/wp-content\/uploads\/2025\/03\/Lime-Wash-Base-Med-1280px.jpeg.pagespeed.ce_.xB_miQzeku.webp","type":"image\/webp"}],"twitter_card":"summary_large_image","twitter_misc":{"Est. reading time":"1 minute"},"schema":{"@context":"https:\/\/schema.org","@graph":[{"@type":"WebPage","@id":"https:\/\/lecorbusier.ca\/produit\/lappret-de-base-pour-peinture-a-la-chaux-de-meoded\/","url":"https:\/\/lecorbusier.ca\/produit\/lappret-de-base-pour-peinture-a-la-chaux-de-meoded\/","name":"L'appr\u00eat de base Lime Wash - D\u00e9coration Le Corbusier","isPartOf":{"@id":"https:\/\/lecorbusier.ca\/#website"},"primaryImageOfPage":{"@id":"https:\/\/lecorbusier.ca\/produit\/lappret-de-base-pour-peinture-a-la-chaux-de-meoded\/#primaryimage"},"image":{"@id":"https:\/\/lecorbusier.ca\/produit\/lappret-de-base-pour-peinture-a-la-chaux-de-meoded\/#primaryimage"},"thumbnailUrl":"https:\/\/lecorbusier.ca\/wp-content\/uploads\/2025\/03\/Lime-Wash-Base-Med-1280px.jpeg.pagespeed.ce_.xB_miQzeku.webp","datePublished":"2025-03-21T13:24:12+00:00","dateModified":"2025-09-10T18:27:17+00:00","description":"L'appr\u00eat de base pour peinture \u00e0 la chaux de Lime Wash est un primaire acrylique 100 % \u00e0 base d'eau de qualit\u00e9 sup\u00e9rieure, sp\u00e9cialement formul\u00e9 pour \u00eatre utilis\u00e9 comme couche de base pour la peinture \u00e0 la chaux Lime Wash","breadcrumb":{"@id":"https:\/\/lecorbusier.ca\/produit\/lappret-de-base-pour-peinture-a-la-chaux-de-meoded\/#breadcrumb"},"inLanguage":"en-US","potentialAction":[{"@type":"ReadAction","target":["https:\/\/lecorbusier.ca\/produit\/lappret-de-base-pour-peinture-a-la-chaux-de-meoded\/"]}]},{"@type":"ImageObject","inLanguage":"en-US","@id":"https:\/\/lecorbusier.ca\/produit\/lappret-de-base-pour-peinture-a-la-chaux-de-meoded\/#primaryimage","url":"https:\/\/lecorbusier.ca\/wp-content\/uploads\/2025\/03\/Lime-Wash-Base-Med-1280px.jpeg.pagespeed.ce_.xB_miQzeku.webp","contentUrl":"https:\/\/lecorbusier.ca\/wp-content\/uploads\/2025\/03\/Lime-Wash-Base-Med-1280px.jpeg.pagespeed.ce_.xB_miQzeku.webp","width":1280,"height":1280},{"@type":"BreadcrumbList","@id":"https:\/\/lecorbusier.ca\/produit\/lappret-de-base-pour-peinture-a-la-chaux-de-meoded\/#breadcrumb","itemListElement":[{"@type":"ListItem","position":1,"name":"Accueil","item":"https:\/\/lecorbusier.ca\/en\/"},{"@type":"ListItem","position":2,"name":"Products","item":"https:\/\/lecorbusier.ca\/shop\/"},{"@type":"ListItem","position":3,"name":"L&rsquo;appr\u00eat de base Lime Wash"}]},{"@type":"WebSite","@id":"https:\/\/lecorbusier.ca\/#website","url":"https:\/\/lecorbusier.ca\/","name":"D\u00e9coration Le Corbusier","description":"Produits et services de design","potentialAction":[{"@type":"SearchAction","target":{"@type":"EntryPoint","urlTemplate":"https:\/\/lecorbusier.ca\/?s={search_term_string}"},"query-input":{"@type":"PropertyValueSpecification","valueRequired":true,"valueName":"search_term_string"}}],"inLanguage":"en-US"}]}},"_links":{"self":[{"href":"https:\/\/lecorbusier.ca\/en\/wp-json\/wp\/v2\/product\/4353","targetHints":{"allow":["GET"]}}],"collection":[{"href":"https:\/\/lecorbusier.ca\/en\/wp-json\/wp\/v2\/product"}],"about":[{"href":"https:\/\/lecorbusier.ca\/en\/wp-json\/wp\/v2\/types\/product"}],"replies":[{"embeddable":true,"href":"https:\/\/lecorbusier.ca\/en\/wp-json\/wp\/v2\/comments?post=4353"}],"wp:featuredmedia":[{"embeddable":true,"href":"https:\/\/lecorbusier.ca\/en\/wp-json\/wp\/v2\/media\/4354"}],"wp:attachment":[{"href":"https:\/\/lecorbusier.ca\/en\/wp-json\/wp\/v2\/media?parent=4353"}],"wp:term":[{"taxonomy":"product_brand","embeddable":true,"href":"https:\/\/lecorbusier.ca\/en\/wp-json\/wp\/v2\/product_brand?post=4353"},{"taxonomy":"product_cat","embeddable":true,"href":"https:\/\/lecorbusier.ca\/en\/wp-json\/wp\/v2\/product_cat?post=4353"},{"taxonomy":"product_tag","embeddable":true,"href":"https:\/\/lecorbusier.ca\/en\/wp-json\/wp\/v2\/product_tag?post=4353"}],"curies":[{"name":"wp","href":"https:\/\/api.w.org\/{rel}","templated":true}]}}