{"id":4405,"date":"2025-03-21T09:32:52","date_gmt":"2025-03-21T13:32:52","guid":{"rendered":"https:\/\/lecorbusier.ca\/?post_type=product&#038;p=4405"},"modified":"2025-09-10T14:26:58","modified_gmt":"2025-09-10T18:26:58","slug":"scellant-limewash","status":"publish","type":"product","link":"https:\/\/lecorbusier.ca\/en\/produit\/scellant-limewash\/","title":{"rendered":"Scellant Limewash"},"content":{"rendered":"<h3><strong><span style=\"font-family: Verdena, arial, sans-serif;\"><span style=\"font-size: 18px;\">Description du produit :<\/span><\/span><\/strong><\/h3>\n<p>Stain Shield est un scellant hydrofuge et ol\u00e9ofuge de qualit\u00e9 sup\u00e9rieure. Il conserve une apparence \u00ab naturelle \u00bb sans changer de couleur, de texture ou ajouter de brillance tout en formant une barri\u00e8re qui r\u00e9siste \u00e0 l&#8217;humidit\u00e9, aux taches et \u00e0 la moisissure. Convient aux applications int\u00e9rieures et ext\u00e9rieures. Ce produit est respirant et ne laisse pas de rev\u00eatement de surface. Recommand\u00e9 comme couche de finition pour toutes les finitions en pl\u00e2tre Meoded et Lime Wash<\/p>\n<h3><strong>Caract\u00e9ristiques de notre peinture \u00e0 la chaux :<\/strong><\/h3>\n<p>\u25cf Aucune odeur d\u00e9sagr\u00e9able<br \/>\n\u25cf R\u00e9sistance in\u00e9gal\u00e9e \u00e0 l&#8217;eau et \u00e0 l&#8217;huile<br \/>\n\u25cf Excellent comme joint de pl\u00e2tre pour<br \/>\napplications int\u00e9rieures\/ext\u00e9rieures<br \/>\n\u25cf Facile \u00e0 appliquer<br \/>\n\u25cf Longue dur\u00e9e<br \/>\n\u25cf R\u00e9siste \u00e0 la moisissure<br \/>\n\u25cf R\u00e9siste \u00e0 l&#8217;efflorescence<\/p>\n","protected":false},"excerpt":{"rendered":"<p>Stain Shield est un scellant hydrofuge et ol\u00e9ofuge de qualit\u00e9 sup\u00e9rieure. Il conserve une apparence \u00ab naturelle \u00bb sans changer de couleur, de texture ou ajouter de brillance tout en formant une barri\u00e8re qui r\u00e9siste \u00e0 l&#8217;humidit\u00e9, aux taches et \u00e0 la moisissure. Convient aux applications int\u00e9rieures et ext\u00e9rieures.<\/p>\n","protected":false},"featured_media":4406,"comment_status":"open","ping_status":"closed","template":"","meta":[],"product_brand":[],"product_cat":[60,81],"product_tag":[82,83],"class_list":{"0":"post-4405","1":"product","2":"type-product","3":"status-publish","4":"has-post-thumbnail","6":"product_cat-decor","7":"product_cat-peinture-a-la-chaux","8":"product_tag-limewas","9":"product_tag-peinturealachaux","11":"first","12":"outofstock","13":"taxable","14":"shipping-taxable","15":"product-type-variable"},"yoast_head":"<!-- This site is optimized with the Yoast SEO plugin v27.2 - https:\/\/yoast.com\/product\/yoast-seo-wordpress\/ -->\n<title>Scellant Limewash - D\u00e9coration Le Corbusier<\/title>\n<meta name=\"description\" content=\"Stain Shield est un scellant hydrofuge et ol\u00e9ofuge de qualit\u00e9 sup\u00e9rieure.\" \/>\n<meta name=\"robots\" content=\"index, follow, max-snippet:-1, max-image-preview:large, max-video-preview:-1\" \/>\n<link rel=\"canonical\" href=\"https:\/\/lecorbusier.ca\/produit\/scellant-limewash\/\" \/>\n<meta property=\"og:locale\" content=\"en_US\" \/>\n<meta property=\"og:type\" content=\"article\" \/>\n<meta property=\"og:title\" content=\"Scellant Limewash\" \/>\n<meta property=\"og:description\" content=\"Stain Shield est un scellant hydrofuge et ol\u00e9ofuge de qualit\u00e9 sup\u00e9rieure.\" \/>\n<meta property=\"og:url\" content=\"https:\/\/lecorbusier.ca\/produit\/scellant-limewash\/\" \/>\n<meta property=\"og:site_name\" content=\"D\u00e9coration Le Corbusier\" \/>\n<meta property=\"article:modified_time\" content=\"2025-09-10T18:26:58+00:00\" \/>\n<meta property=\"og:image\" content=\"https:\/\/lecorbusier.ca\/wp-content\/uploads\/2025\/03\/Stain-shield-natural-look.jpg\" \/>\n\t<meta property=\"og:image:width\" content=\"1920\" \/>\n\t<meta property=\"og:image:height\" content=\"1280\" \/>\n\t<meta property=\"og:image:type\" content=\"image\/jpeg\" \/>\n<meta name=\"twitter:card\" content=\"summary_large_image\" \/>\n<meta name=\"twitter:label1\" content=\"Est. reading time\" \/>\n\t<meta name=\"twitter:data1\" content=\"1 minute\" \/>\n<script type=\"application\/ld+json\" class=\"yoast-schema-graph\">{\"@context\":\"https:\/\/schema.org\",\"@graph\":[{\"@type\":\"WebPage\",\"@id\":\"https:\/\/lecorbusier.ca\/produit\/scellant-limewash\/\",\"url\":\"https:\/\/lecorbusier.ca\/produit\/scellant-limewash\/\",\"name\":\"Scellant Limewash - D\u00e9coration Le Corbusier\",\"isPartOf\":{\"@id\":\"https:\/\/lecorbusier.ca\/#website\"},\"primaryImageOfPage\":{\"@id\":\"https:\/\/lecorbusier.ca\/produit\/scellant-limewash\/#primaryimage\"},\"image\":{\"@id\":\"https:\/\/lecorbusier.ca\/produit\/scellant-limewash\/#primaryimage\"},\"thumbnailUrl\":\"https:\/\/lecorbusier.ca\/wp-content\/uploads\/2025\/03\/Stain-shield-natural-look.jpg\",\"datePublished\":\"2025-03-21T13:32:52+00:00\",\"dateModified\":\"2025-09-10T18:26:58+00:00\",\"description\":\"Stain Shield est un scellant hydrofuge et ol\u00e9ofuge de qualit\u00e9 sup\u00e9rieure.\",\"breadcrumb\":{\"@id\":\"https:\/\/lecorbusier.ca\/produit\/scellant-limewash\/#breadcrumb\"},\"inLanguage\":\"en-US\",\"potentialAction\":[{\"@type\":\"ReadAction\",\"target\":[\"https:\/\/lecorbusier.ca\/produit\/scellant-limewash\/\"]}]},{\"@type\":\"ImageObject\",\"inLanguage\":\"en-US\",\"@id\":\"https:\/\/lecorbusier.ca\/produit\/scellant-limewash\/#primaryimage\",\"url\":\"https:\/\/lecorbusier.ca\/wp-content\/uploads\/2025\/03\/Stain-shield-natural-look.jpg\",\"contentUrl\":\"https:\/\/lecorbusier.ca\/wp-content\/uploads\/2025\/03\/Stain-shield-natural-look.jpg\",\"width\":1920,\"height\":1280},{\"@type\":\"BreadcrumbList\",\"@id\":\"https:\/\/lecorbusier.ca\/produit\/scellant-limewash\/#breadcrumb\",\"itemListElement\":[{\"@type\":\"ListItem\",\"position\":1,\"name\":\"Accueil\",\"item\":\"https:\/\/lecorbusier.ca\/en\/\"},{\"@type\":\"ListItem\",\"position\":2,\"name\":\"Products\",\"item\":\"https:\/\/lecorbusier.ca\/shop\/\"},{\"@type\":\"ListItem\",\"position\":3,\"name\":\"Scellant Limewash\"}]},{\"@type\":\"WebSite\",\"@id\":\"https:\/\/lecorbusier.ca\/#website\",\"url\":\"https:\/\/lecorbusier.ca\/\",\"name\":\"D\u00e9coration Le Corbusier\",\"description\":\"Produits et services de design\",\"potentialAction\":[{\"@type\":\"SearchAction\",\"target\":{\"@type\":\"EntryPoint\",\"urlTemplate\":\"https:\/\/lecorbusier.ca\/?s={search_term_string}\"},\"query-input\":{\"@type\":\"PropertyValueSpecification\",\"valueRequired\":true,\"valueName\":\"search_term_string\"}}],\"inLanguage\":\"en-US\"}]}<\/script>\n<!-- \/ Yoast SEO plugin. -->","yoast_head_json":{"title":"Scellant Limewash - D\u00e9coration Le Corbusier","description":"Stain Shield est un scellant hydrofuge et ol\u00e9ofuge de qualit\u00e9 sup\u00e9rieure.","robots":{"index":"index","follow":"follow","max-snippet":"max-snippet:-1","max-image-preview":"max-image-preview:large","max-video-preview":"max-video-preview:-1"},"canonical":"https:\/\/lecorbusier.ca\/produit\/scellant-limewash\/","og_locale":"en_US","og_type":"article","og_title":"Scellant Limewash","og_description":"Stain Shield est un scellant hydrofuge et ol\u00e9ofuge de qualit\u00e9 sup\u00e9rieure.","og_url":"https:\/\/lecorbusier.ca\/produit\/scellant-limewash\/","og_site_name":"D\u00e9coration Le Corbusier","article_modified_time":"2025-09-10T18:26:58+00:00","og_image":[{"width":1920,"height":1280,"url":"https:\/\/lecorbusier.ca\/wp-content\/uploads\/2025\/03\/Stain-shield-natural-look.jpg","type":"image\/jpeg"}],"twitter_card":"summary_large_image","twitter_misc":{"Est. reading time":"1 minute"},"schema":{"@context":"https:\/\/schema.org","@graph":[{"@type":"WebPage","@id":"https:\/\/lecorbusier.ca\/produit\/scellant-limewash\/","url":"https:\/\/lecorbusier.ca\/produit\/scellant-limewash\/","name":"Scellant Limewash - D\u00e9coration Le Corbusier","isPartOf":{"@id":"https:\/\/lecorbusier.ca\/#website"},"primaryImageOfPage":{"@id":"https:\/\/lecorbusier.ca\/produit\/scellant-limewash\/#primaryimage"},"image":{"@id":"https:\/\/lecorbusier.ca\/produit\/scellant-limewash\/#primaryimage"},"thumbnailUrl":"https:\/\/lecorbusier.ca\/wp-content\/uploads\/2025\/03\/Stain-shield-natural-look.jpg","datePublished":"2025-03-21T13:32:52+00:00","dateModified":"2025-09-10T18:26:58+00:00","description":"Stain Shield est un scellant hydrofuge et ol\u00e9ofuge de qualit\u00e9 sup\u00e9rieure.","breadcrumb":{"@id":"https:\/\/lecorbusier.ca\/produit\/scellant-limewash\/#breadcrumb"},"inLanguage":"en-US","potentialAction":[{"@type":"ReadAction","target":["https:\/\/lecorbusier.ca\/produit\/scellant-limewash\/"]}]},{"@type":"ImageObject","inLanguage":"en-US","@id":"https:\/\/lecorbusier.ca\/produit\/scellant-limewash\/#primaryimage","url":"https:\/\/lecorbusier.ca\/wp-content\/uploads\/2025\/03\/Stain-shield-natural-look.jpg","contentUrl":"https:\/\/lecorbusier.ca\/wp-content\/uploads\/2025\/03\/Stain-shield-natural-look.jpg","width":1920,"height":1280},{"@type":"BreadcrumbList","@id":"https:\/\/lecorbusier.ca\/produit\/scellant-limewash\/#breadcrumb","itemListElement":[{"@type":"ListItem","position":1,"name":"Accueil","item":"https:\/\/lecorbusier.ca\/en\/"},{"@type":"ListItem","position":2,"name":"Products","item":"https:\/\/lecorbusier.ca\/shop\/"},{"@type":"ListItem","position":3,"name":"Scellant Limewash"}]},{"@type":"WebSite","@id":"https:\/\/lecorbusier.ca\/#website","url":"https:\/\/lecorbusier.ca\/","name":"D\u00e9coration Le Corbusier","description":"Produits et services de design","potentialAction":[{"@type":"SearchAction","target":{"@type":"EntryPoint","urlTemplate":"https:\/\/lecorbusier.ca\/?s={search_term_string}"},"query-input":{"@type":"PropertyValueSpecification","valueRequired":true,"valueName":"search_term_string"}}],"inLanguage":"en-US"}]}},"_links":{"self":[{"href":"https:\/\/lecorbusier.ca\/en\/wp-json\/wp\/v2\/product\/4405","targetHints":{"allow":["GET"]}}],"collection":[{"href":"https:\/\/lecorbusier.ca\/en\/wp-json\/wp\/v2\/product"}],"about":[{"href":"https:\/\/lecorbusier.ca\/en\/wp-json\/wp\/v2\/types\/product"}],"replies":[{"embeddable":true,"href":"https:\/\/lecorbusier.ca\/en\/wp-json\/wp\/v2\/comments?post=4405"}],"wp:featuredmedia":[{"embeddable":true,"href":"https:\/\/lecorbusier.ca\/en\/wp-json\/wp\/v2\/media\/4406"}],"wp:attachment":[{"href":"https:\/\/lecorbusier.ca\/en\/wp-json\/wp\/v2\/media?parent=4405"}],"wp:term":[{"taxonomy":"product_brand","embeddable":true,"href":"https:\/\/lecorbusier.ca\/en\/wp-json\/wp\/v2\/product_brand?post=4405"},{"taxonomy":"product_cat","embeddable":true,"href":"https:\/\/lecorbusier.ca\/en\/wp-json\/wp\/v2\/product_cat?post=4405"},{"taxonomy":"product_tag","embeddable":true,"href":"https:\/\/lecorbusier.ca\/en\/wp-json\/wp\/v2\/product_tag?post=4405"}],"curies":[{"name":"wp","href":"https:\/\/api.w.org\/{rel}","templated":true}]}}